{"id":266,"date":"2019-01-04T12:39:43","date_gmt":"2019-01-04T12:39:43","guid":{"rendered":"http:\/\/radicalfilmnetwork.de\/?page_id=266"},"modified":"2020-12-09T13:30:47","modified_gmt":"2020-12-09T13:30:47","slug":"wo","status":"publish","type":"page","link":"https:\/\/radicalfilm.net\/2019\/wo\/","title":{"rendered":"info"},"content":{"rendered":"<p>Das Radical Film Network Meeting Berlin wird organisiert von den beiden Filmemacherinnen und K\u00fcnstlerinnen <a href=\"http:\/\/www.julialazarus.com\" target=\"_blank\" rel=\"noopener noreferrer\">Julia Lazarus<\/a> und <a href=\"http:\/\/www.grawboeckler.de\" target=\"_blank\" rel=\"noopener noreferrer\">Ursula B\u00f6ckler<\/a> in Kooperation mit dem Harun Farocki Institut. Die Veranstaltung fand statt vom 2. bis 5. Mai 2019 im Silent Green Kulturquartier Berlin.<\/p>\r\n<p>Ziel ist es den Austausch zwischen Akteuren des Radical Film Networks und den Berliner Film- und Kulturschaffenden zu f\u00f6rdern. Im Mittelpunkt des Meetings stehen die k\u00fcnstlerisch-gestalterischen und politischen-ethischen Fragen der globalen radikalen Filmkulturen.<\/p>\r\n<p>In der Tradition des Netzwerkes wurde Anfang 2019 einen Open Call ver\u00f6ffentlicht. Nur ein kleiner Teil der Einsendungen konnte ber\u00fccksichtigt werden, darunter Beitr\u00e4ge von Einzelpersonen und Gemeinschaften, von K\u00fcnstlern, Aktivisten, Filmemachern, Forschern und Wissenschaftlern aus Deutschland, Gro\u00dfbritannien, Frankreich, \u00d6sterreich, Brasilien, Portugal, \u00c4gypten, China, Tunesien. Allen gemeinsam ist das sie auf eine Antwort auf die Frage suchen: &#8220;Was ist radikaler Film?&#8221; und &#8220;Was kann radikaler Film sein?&#8221;<\/p>\r\n<p>Das Radical Film Network Meeting Berlin wurde erm\u00f6glicht mit freundlicher Unterst\u00fctzung von: <br \/><a href=\"https:\/\/www.berlin.de\/sen\/kultur\/\" target=\"_blank\" rel=\"noopener noreferrer\">Senatsverwaltung f\u00fcr Kultur und Europa Berlin<\/a><\/p>\r\n<p>&nbsp;<\/p>\r\n<p><a href=\"https:\/\/www.harun-farocki-institut.org\/de\/\" target=\"_blank\" rel=\"noopener noreferrer\">Harun Farocki Institut<\/a><\/p>\r\n\r\n<p>Seit seiner Gr\u00fcndung im September 2015 arbeitet das Harun Farocki Institut als Plattform zur Erforschung von Farockis visueller und diskursiver Praxis und als flexible Struktur f\u00fcr neue Projekte, die vergangene, gegenw\u00e4rtige und zuk\u00fcnftige Bildkulturen analysieren. Ein kleines B\u00fcro im silent green Kulturquartier bildet die Basisstation des Instituts . Die Gr\u00fcndung des HaFI ist mit dem Ziel verkn\u00fcpft, Formen des theoretischen und visuellen Arbeitens zu entwickeln, die an das Denken und die filmische Praxis Harun Farockis anschlie\u00dfen, um von dort aus weiterzugehen. Die Prinzipien und Verfahren des Essayfilms, der marxistischen Bildanalyse, der Aktivierung von Bildern f\u00fcr eine genuin visuelle Forschung, der Alphabetisierung des filmischen Sehens, der Analyse der Subjektivierung in technisch-milit\u00e4rischen Dispositiven oder der Kritik an den Produktionsverh\u00e4ltnissen von Film, Fernsehen und anderen visuellen Industrien bilden die Basis, auf der das HaFI eigene Projekte konzipiert und durchf\u00fchrt.<\/p>\r\n\r\n<p>&nbsp;<\/p>\r\n<p><a href=\"https:\/\/www.silent-green.net\" target=\"_blank\" rel=\"noopener noreferrer\">silent green Kulturquartier<\/a><\/p>\r\n\r\n<p>Das silent green Kulturquartier\u00a0ist ein neuer Veranstaltungsort und ein unabh\u00e4ngiges Projekt, das in den historischen R\u00e4umlichkeiten des ehemaligen Krematoriums Wedding eine in Berlin einzigartige Heimat gefunden hat. In privater Tr\u00e4gerschaft versteht sich das 2013 gegr\u00fcndete Kulturquartier als gesch\u00fctzter Raum, in dem gedacht, geforscht und experimentiert werden kann. Im Mittelpunkt steht dabei ein formen\u00fcbergreifendes Arbeiten: Grenzen einzelner k\u00fcnstlerischer Disziplinen sollen verschoben werden, um sie zu neuen, hybriden Formen zu verkn\u00fcpfen.<\/p>","protected":false},"excerpt":{"rendered":"Das Radical Film Network Meeting Berlin wird organisiert von den beiden Filmemacherinnen und K\u00fcnstlerinnen Julia Lazarus und Ursula B\u00f6ckler in Kooperation mit dem Harun Farocki Institut. Die Veranstaltung fand statt vom 2. bis 5. Mai 2019 im Silent Green Kulturquartier Berlin. Ziel ist es den Austausch zwischen Akteuren des Radical Film Networks und den Berliner [&hellip;]","protected":false},"author":1,"featured_media":0,"parent":0,"menu_order":0,"comment_status":"closed","ping_status":"closed","template":"","meta":{"footnotes":""},"acf":[],"_links":{"self":[{"href":"https:\/\/radicalfilm.net\/2019\/wp-json\/wp\/v2\/pages\/266"}],"collection":[{"href":"https:\/\/radicalfilm.net\/2019\/wp-json\/wp\/v2\/pages"}],"about":[{"href":"https:\/\/radicalfilm.net\/2019\/wp-json\/wp\/v2\/types\/page"}],"author":[{"embeddable":true,"href":"https:\/\/radicalfilm.net\/2019\/wp-json\/wp\/v2\/users\/1"}],"replies":[{"embeddable":true,"href":"https:\/\/radicalfilm.net\/2019\/wp-json\/wp\/v2\/comments?post=266"}],"version-history":[{"count":1,"href":"https:\/\/radicalfilm.net\/2019\/wp-json\/wp\/v2\/pages\/266\/revisions"}],"predecessor-version":[{"id":1881,"href":"https:\/\/radicalfilm.net\/2019\/wp-json\/wp\/v2\/pages\/266\/revisions\/1881"}],"wp:attachment":[{"href":"https:\/\/radicalfilm.net\/2019\/wp-json\/wp\/v2\/media?parent=266"}],"curies":[{"name":"wp","href":"https:\/\/api.w.org\/{rel}","templated":true}]}}