{"id":163,"date":"2019-01-03T18:45:32","date_gmt":"2019-01-03T18:45:32","guid":{"rendered":"http:\/\/radicalfilmnetwork.de\/?page_id=163"},"modified":"2021-08-10T11:58:30","modified_gmt":"2021-08-10T11:58:30","slug":"was-ist","status":"publish","type":"page","link":"https:\/\/radicalfilm.net\/2021\/was-ist\/","title":{"rendered":"idee"},"content":{"rendered":"Die Ereignisse des Jahres 2020 haben das \u00f6ffentliche Leben grundlegend und fast bis zur Unkenntlichkeit ver\u00e4ndert. Noch bleibt abzuwarten, ob diese Ver\u00e4nderungen von Dauer sein werden oder ob es sich um eine vor\u00fcbergehende Phase handelt. Die Ereignisse und damit einhergehende Ver\u00e4nderungen f\u00fchren bei vielen Menschen zu Angstzust\u00e4nde, Ohnmachtsgef\u00fchle und d\u00fcsteren Zukunftsvisionen.\r\n<p>&nbsp;<\/p>\r\n \r\nBei genauerer Betrachtung der aktuellen Laage l\u00e4sst sich aber auch ein neu entwickelter Fokus auf die Bedeutung von Gemeinschaft, Solidarit\u00e4t und der Wahrung sozialer Strukturen erkennen, was auch das Versprechen auf eine neue Gesellschaft beinhalten k\u00f6nnte. Und w\u00e4hrend oft gesagt wird, dass Angst l\u00e4hmt, k\u00f6nnte man auch dagegenhalten, dass Angst \u2013 wie auch wie Freude, Lust oder Wut \u2013 eine sehr grundlegende menschliche Emotion und so auch eine starke Triebfeder f\u00fcr menschliches Handeln ist. Denn im Dunkeln will niemand allein sein.\r\n<p>&nbsp;<\/p>\r\n \r\nWir schlagen vor die Angst gemeinsam zu \u00fcberwinden und produktive L\u00f6sungen zu entwickeln, um die Kontrolle \u00fcber unser Leben zur\u00fcckzugewinnen. Gesucht werden Beitr\u00e4ge, die die M\u00f6glichkeiten der radikale Filmkulturen untersuchen, die eigene Handlungsf\u00e4higkeit zur\u00fcckzugewinnen und produktive Wege aus der gegenw\u00e4rtigen Trostlosigkeit zu zeigen. Wie l\u00e4sst sich dieser Zustand \u00e4sthetisch in neue Formen des radikalen Films oder Kinos \u00fcbersetzen?\r\n<p>&nbsp;<\/p>\r\n \r\nDas zweite Radical Film Network Meeting findet statt vom 25.-28. August in den atelier gardens, Berlin-Tempelhof. \r\n<p>&nbsp;<\/p>\r\nAlle Veranstaltungen werden drau\u00dfen unter freiem Himmel stattfinden. Der Eintritt ist frei.\r\n<p>&nbsp;<\/p>\r\nF\u00fcr &#8220;Radical film at the dawn of a new society?&#8221; wird eine tempor\u00e4rer Raum geschaffen. Ein Ort der den Austausch zwischen Akteuren des Radical Film Networks und Berliner Film- und Kulturschaffenden herstellen und den britisch-deutschen Dialog f\u00f6rdern m\u00f6chte.\r\n<p>&nbsp;<\/p>\r\n\r\nIm Mittelpunkt des Meetings stehen die k\u00fcnstlerisch-gestalterischen und politischen-ethischen Fragen der globalen radikalen Filmkulturen.\r\n\r\n<p>&nbsp;<\/p>\r\n\r\nDie Begriffe &#8220;Radikal\u201c bzw. \u201eRadikaler Film k\u00f6nnen auf eine Vielzahl von kulturellen und k\u00fcnstlerischen Praxen angewendet werden. Im Kontext des Radical Film Network verweist &#8216;Radikalit\u00e4t&#8217; jedoch zuerst und vor allem auf die politische Zugeh\u00f6rigkeit zu progressiven Kr\u00e4ften und aktiver Teilhabe an den Auseinandersetzungen zur Verbesserung der sozialen Gerechtigkeit \u2013 von den Rechten der ArbeiterInnen \u00fcber \u00f6kologischen Nachhaltigkeit, bis zu Geschlechter, Rassen und sexueller Gleichberechtigung.Auf Grundlage dieser ideologischen Ausrichtung, praktizieren und zelebrieren die Teilnehmer des Radical Film Networks die m\u00f6glichen filmischen Radikalit\u00e4ten auf vielf\u00e4ltige Arten und Weisen. Sie entwickeln neue herausfordernde \u00e4sthetische Praxen, experimentieren mit dem Medium selbst und sie suchen die politischen Ideale auf die Produktions und Distributionsprozesse anzuwenden. \r\n<p>&nbsp;<\/p>\r\n","protected":false},"excerpt":{"rendered":"Die Ereignisse des Jahres 2020 haben das \u00f6ffentliche Leben grundlegend und fast bis zur Unkenntlichkeit ver\u00e4ndert. Noch bleibt abzuwarten, ob diese Ver\u00e4nderungen von Dauer sein werden oder ob es sich um eine vor\u00fcbergehende Phase handelt. Die Ereignisse und damit einhergehende Ver\u00e4nderungen f\u00fchren bei vielen Menschen zu Angstzust\u00e4nde, Ohnmachtsgef\u00fchle und d\u00fcsteren Zukunftsvisionen. &nbsp; Bei genauerer Betrachtung [&hellip;]","protected":false},"author":1,"featured_media":0,"parent":0,"menu_order":0,"comment_status":"closed","ping_status":"closed","template":"","meta":{"footnotes":""},"acf":[],"_links":{"self":[{"href":"https:\/\/radicalfilm.net\/2021\/wp-json\/wp\/v2\/pages\/163"}],"collection":[{"href":"https:\/\/radicalfilm.net\/2021\/wp-json\/wp\/v2\/pages"}],"about":[{"href":"https:\/\/radicalfilm.net\/2021\/wp-json\/wp\/v2\/types\/page"}],"author":[{"embeddable":true,"href":"https:\/\/radicalfilm.net\/2021\/wp-json\/wp\/v2\/users\/1"}],"replies":[{"embeddable":true,"href":"https:\/\/radicalfilm.net\/2021\/wp-json\/wp\/v2\/comments?post=163"}],"version-history":[{"count":16,"href":"https:\/\/radicalfilm.net\/2021\/wp-json\/wp\/v2\/pages\/163\/revisions"}],"predecessor-version":[{"id":2363,"href":"https:\/\/radicalfilm.net\/2021\/wp-json\/wp\/v2\/pages\/163\/revisions\/2363"}],"wp:attachment":[{"href":"https:\/\/radicalfilm.net\/2021\/wp-json\/wp\/v2\/media?parent=163"}],"curies":[{"name":"wp","href":"https:\/\/api.w.org\/{rel}","templated":true}]}}