{"id":266,"date":"2019-01-04T12:39:43","date_gmt":"2019-01-04T12:39:43","guid":{"rendered":"http:\/\/radicalfilmnetwork.de\/?page_id=266"},"modified":"2022-01-05T18:51:32","modified_gmt":"2022-01-05T18:51:32","slug":"info_de","status":"publish","type":"page","link":"https:\/\/radicalfilm.net\/2021\/info_de\/","title":{"rendered":"info"},"content":{"rendered":"Das Radical Film Network Meeting Berlin wird organisiert von <a href=\"http:\/\/www.grawboeckler.de\" target=\"_blank\" rel=\"noopener noreferrer\">Ursula B\u00f6ckler<\/a>, <a href=\"http:\/\/www.julialazarus.com\" target=\"_blank\" rel=\"noopener noreferrer\">Julia Lazarus<\/a>,  Daniel Mutibw und <a href=\"http:\/\/parkafilm.cc\/\" target=\"_blank\" rel=\"noopener\">Alexandra Weltz-Rombach<\/a> in Kooperation mit dem <a href=\"https:\/\/www.harun-farocki-institut.org\/de\/\" target=\"_blank\" rel=\"noopener\">Harun Farocki Institut<\/a>.\r\n\r\nDie Veranstaltung findet statt vom 25.- 28. August 2021 in Berlin. Die Veranstaltung findet in englischer Sprache statt. Die Teilnahme ist kostenlos. \r\n\r\n<p>\r\n<br>\r\nMit der freundlichen Unterst\u00fctzung von: <a href=\"https:\/\/hauptstadtkulturfonds.berlin.de\/\" target=\"_blank\" rel=\"noopener\">Hauptstadtkulturfonds<\/a>\r\n<\/p>\r\n\r\n<div class=\"day\"><a href=\"https:\/\/www.radicalfilmnetwork.com\" target=\"_blank\" rel=\"noopener noreferrer\">Radical Film Network<\/a><\/div>\r\nDas Radical Film Network ist ein internationales Netzwerk f\u00fcr Einzelpersonen und Organisationen, die sich mit politisch engagierter und \u00e4sthetisch innovativer Filmkultur befassen. Es wurde 2013 gegr\u00fcndet, als sich eine Gruppe von Aktivisten, Wissenschaftlern, Filmemachern und Programmierern in Gro\u00dfbritannien traf, um zu er\u00f6rtern, wie sie zusammenarbeiten k\u00f6nnen, um deren Entwicklung, Wachstum und Nachhaltigkeit der radikalen Filmkulturen zu unterst\u00fctzen. Seitdem ist das RFN schnell gewachsen und besteht nun aus mehr als zweihundert Organisationen auf sechs Kontinenten, von K\u00fcnstlerstudios und Produktionskollektiven, \u00fcber Archive, Genossenschaften, Verleiher, Filmfestivals und Ausstellungsorte bis hin zu einer Vielzahl anderer weniger leicht zu kategorisierender Gruppen. Die Mailingliste des RFN erm\u00f6glicht es denjenigen, die mit radikaler Filmkultur zu tun haben, Informationen und Ideen auf der ganzen Welt auszutauschen.\r\n\r\n&nbsp;\r\n<div class=\"day\"><a href=\"https:\/\/www.harun-farocki-institut.org\/de\/\" target=\"_blank\" rel=\"noopener noreferrer\">Harun Farocki Institut<\/a><\/div>\r\nSeit seiner Gr\u00fcndung im September 2015 arbeitet das Harun Farocki Institut als Plattform zur Erforschung von Farockis visueller und diskursiver Praxis und als flexible Struktur f\u00fcr neue Projekte, die vergangene, gegenw\u00e4rtige und zuk\u00fcnftige Bildkulturen analysieren. Ein kleines B\u00fcro im silent green Kulturquartier bildet die Basisstation des Instituts . Die Gr\u00fcndung des HaFI ist mit dem Ziel verkn\u00fcpft, Formen des theoretischen und visuellen Arbeitens zu entwickeln, die an das Denken und die filmische Praxis Harun Farockis anschlie\u00dfen, um von dort aus weiterzugehen. Die Prinzipien und Verfahren des Essayfilms, der marxistischen Bildanalyse, der Aktivierung von Bildern f\u00fcr eine genuin visuelle Forschung, der Alphabetisierung des filmischen Sehens, der Analyse der Subjektivierung in technisch-milit\u00e4rischen Dispositiven oder der Kritik an den Produktionsverh\u00e4ltnissen von Film, Fernsehen und anderen visuellen Industrien bilden die Basis, auf der das HaFI eigene Projekte konzipiert und durchf\u00fchrt.\r\n\r\n&nbsp;\r\n<div class=\"day\">Team<\/div>\r\nSet-up Manager; Grace Guthrie; Maru Mushtrieva, Rezeption; Nic, Essen; Paul Arambula, Getr\u00e4nke; Johanna Szproch,\r\nFotografen; Laureen Mauss, Benjamin Rodrigues Kafka, BUFA; Daniel Mutibwa, Transnational Radical Film Cultures Conference Nottingham,\r\nElsa de Seynes, Harun Farocki Institut","protected":false},"excerpt":{"rendered":"Das Radical Film Network Meeting Berlin wird organisiert von Ursula B\u00f6ckler, Julia Lazarus, Daniel Mutibw und Alexandra Weltz-Rombach in Kooperation mit dem Harun Farocki Institut. Die Veranstaltung findet statt vom 25.- 28. August 2021 in Berlin. Die Veranstaltung findet in englischer Sprache statt. Die Teilnahme ist kostenlos. Mit der freundlichen Unterst\u00fctzung von: Hauptstadtkulturfonds Radical Film [&hellip;]","protected":false},"author":1,"featured_media":0,"parent":0,"menu_order":0,"comment_status":"closed","ping_status":"closed","template":"","meta":{"footnotes":""},"acf":[],"_links":{"self":[{"href":"https:\/\/radicalfilm.net\/2021\/wp-json\/wp\/v2\/pages\/266"}],"collection":[{"href":"https:\/\/radicalfilm.net\/2021\/wp-json\/wp\/v2\/pages"}],"about":[{"href":"https:\/\/radicalfilm.net\/2021\/wp-json\/wp\/v2\/types\/page"}],"author":[{"embeddable":true,"href":"https:\/\/radicalfilm.net\/2021\/wp-json\/wp\/v2\/users\/1"}],"replies":[{"embeddable":true,"href":"https:\/\/radicalfilm.net\/2021\/wp-json\/wp\/v2\/comments?post=266"}],"version-history":[{"count":28,"href":"https:\/\/radicalfilm.net\/2021\/wp-json\/wp\/v2\/pages\/266\/revisions"}],"predecessor-version":[{"id":2596,"href":"https:\/\/radicalfilm.net\/2021\/wp-json\/wp\/v2\/pages\/266\/revisions\/2596"}],"wp:attachment":[{"href":"https:\/\/radicalfilm.net\/2021\/wp-json\/wp\/v2\/media?parent=266"}],"curies":[{"name":"wp","href":"https:\/\/api.w.org\/{rel}","templated":true}]}}