{"id":956,"date":"2019-03-28T14:34:38","date_gmt":"2019-03-28T14:34:38","guid":{"rendered":"http:\/\/radicalfilmnetwork.de\/?page_id=956"},"modified":"2021-07-09T08:10:19","modified_gmt":"2021-07-09T08:10:19","slug":"datenschutz","status":"publish","type":"page","link":"https:\/\/radicalfilm.net\/2021\/datenschutz\/","title":{"rendered":"datenschutz"},"content":{"rendered":"<div class=\"day2\">Datenschutz<\/div>\r\n&nbsp;\r\n<p>Verantwortliche Stelle im Sinne der Datenschutzgesetze ist:<br><br>\r\nJulia Lazarus<br>\r\nE-Mail: berlin@radicalfilm.net<br>\r\nImprint: https:\/\/radicalfilm.net\/impressum<br>\r\n<p>&nbsp;<\/p>\r\nNewsletter<br>\r\nWenn Sie den auf der Website angebotenen Newsletter beziehen m\u00f6chten, ben\u00f6tigen wir von Ihnen eine E-Mail-Adresse sowie Informationen, welche uns die \u00dcberpr\u00fcfung gestatten, dass Sie der Inhaber der angegebenen E-Mail-Adresse sind und mit dem Empfang des Newsletters einverstanden sind. Weitere Daten werden nicht bzw. nur auf freiwilliger Basis erhoben. Diese Daten verwenden wir ausschlie\u00dflich f\u00fcr den Versand der angeforderten Informationen und geben diese nicht an Dritte weiter.\r\n<p>&nbsp;<\/p>\r\nDie Verarbeitung der in das Newsletteranmeldeformular eingegebenen Daten erfolgt ausschlie\u00dflich auf Grundlage Ihrer Einwilligung (Art. 6 Abs. 1 lit. a DSGVO). Die erteilte Einwilligung zur Speicherung der Daten, der E-MailAdresse sowie deren Nutzung zum Versand des Newsletters k\u00f6nnen Sie jederzeit widerrufen, etwa \u00fcber den \u201eAustragen\u201c-Link im Newsletter. Die Rechtm\u00e4\u00dfigkeit der bereits erfolgten Datenverarbeitungsvorg\u00e4nge bleibt vom Widerruf unber\u00fchrt.\r\n<p>&nbsp;<\/p>\r\nDie von Ihnen zum Zwecke des Newsletter-Bezugs bei uns hinterlegten Daten werden von uns bis zu Ihrer Austragung aus dem Newsletter gespeichert und nach der Abbestellung des Newsletters gel\u00f6scht. Daten, die zu anderen Zwecken bei uns gespeichert wurden (z.B. E-Mail-Adressen f\u00fcr den Mitgliederbereich) bleiben hiervon unber\u00fchrt.\r\n<p>&nbsp;<\/p>\r\nMAILCHIMP<br>\r\nDiese Website nutzt die Dienste von MailChimp f\u00fcr den Versand von Newslettern. Anbieter ist die Rocket Science Group LLC, 675 Ponce De Leon Ave NE, Suite 5000, Atlanta, GA 30308, USA.\r\n<p>&nbsp;<\/p>\r\nMailChimp ist ein Dienst, mit dem u.a. der Versand von Newslettern organisiert und analysiert werden kann. Wenn Sie Daten zum Zwecke des Newsletterbezugs eingeben (z.B. E-Mail-Adresse), werden diese auf den Servern von MailChimp in den USA gespeichert.\r\n<p>&nbsp;<\/p>\r\nMailChimp verf\u00fcgt \u00fcber eine Zertifizierung nach dem \u201cEU-USPrivacy-Shield\u201d. Der \u201cPrivacy-Shield\u201d ist ein \u00dcbereinkommen zwischen der Europ\u00e4ischen Union (EU) und den USA, das die Einhaltung europ\u00e4ischer Datenschutzstandards in den USA gew\u00e4hrleisten soll.\r\n<p>&nbsp;<\/p>\r\nMit Hilfe von MailChimp k\u00f6nnen wir unsere Newsletterkampagnen analysieren. Wenn Sie eine mit MailChimp versandte E-Mail \u00f6ffnen, verbindet sich eine in der E-Mail enthaltene Datei (sog. web-beacon) mit den Servern von MailChimp in den USA. So kann festgestellt werden, ob eine Newsletter-Nachricht ge\u00f6ffnet und welche Links ggf. angeklickt wurden. Au\u00dferdem werden technische Informationen erfasst (z.B. Zeitpunkt des Abrufs, IP-Adresse, Browsertyp und Betriebssystem). Diese Informationen k\u00f6nnen nicht dem jeweiligen Newsletter-Empf\u00e4nger zugeordnet werden. Sie dienen ausschlie\u00dflich der statistischen Analyse von Newsletterkampagnen. Die Ergebnisse dieser Analysen k\u00f6nnen genutzt werden, um k\u00fcnftige Newsletter besser an die Interessen der Empf\u00e4nger anzupassen.\r\n<p>&nbsp;<\/p>\r\nWenn Sie keine Analyse durch MailChimp wollen, m\u00fcssen Sie den Newsletter abbestellen. Hierf\u00fcr stellen wir in jeder Newsletternachricht einen entsprechenden Link zur Verf\u00fcgung. Des Weiteren k\u00f6nnen Sie den Newsletter auch direkt auf der Website abbestellen.\r\n<p>&nbsp;<\/p>\r\nDie Datenverarbeitung erfolgt auf Grundlage Ihrer Einwilligung (Art. 6 Abs. 1 lit. a DSGVO). Sie k\u00f6nnen diese Einwilligung jederzeit widerrufen, indem Sie den Newsletter abbestellen. Die Rechtm\u00e4\u00dfigkeit der bereits erfolgten Datenverarbeitungsvorg\u00e4nge bleibt vom Widerruf unber\u00fchrt.\r\n<p>&nbsp;<\/p>\r\nDie von Ihnen zum Zwecke des Newsletter-Bezugs bei uns hinterlegten Daten werden von uns bis zu Ihrer Austragung aus dem Newsletter gespeichert und nach der Abbestellung des Newsletters sowohl von unseren Servern als auch von den Servern von MailChimp gel\u00f6scht. Daten, die zu anderen Zwecken bei uns gespeichert wurden (z.B. E-Mail-Adressen f\u00fcr den Mitgliederbereich) bleiben hiervon unber\u00fchrt.\r\n<p>&nbsp;<\/p>\r\nN\u00e4heres entnehmen Sie den Datenschutzbestimmungen von MailChimp unter: https:\/\/mailchimp.com\/legal\/terms\/.\r\n<p>&nbsp;<\/p>\r\nZugriffsdaten<br>\r\nDer Serverprovider der Website erhebt Daten \u00fcber Zugriffe auf die Seite und speichert diese als \u201eServer-Logfiles\u201c ab.<br>\r\nFolgende Daten werden so protokolliert:<br>\r\n\u2022 Besuchte Website<br>\r\n\u2022 Uhrzeit zum Zeitpunkt des Zugriffes<br>\r\n\u2022 Menge der gesendeten Daten in Byte<br>\r\n\u2022 Quelle\/Verweis, von welchem Sie auf die Seite gelangten<br>\r\n\u2022 Verwendeter Browser<br>\r\n\u2022 Verwendetes Betriebssystem<br>\r\n\u2022 Verwendete IP-Adresse<br>\r\nDie erhobenen Daten dienen lediglich statistischen Auswertungen und zur Verbesserung der Website. Wir behalten uns allerdings vor, die Server-Logfiles nachtr\u00e4glich zu \u00fcberpr\u00fcfen, sollten konkrete Anhaltspunkte auf eine rechtswidrige Nutzung hinweisen.<br>\r\n<p>&nbsp;<\/p>\r\nUmgang mit Kontaktdaten<br>\r\nNehmen Sie mit uns durch die angebotenen Kontaktm\u00f6glichkeiten Verbindung auf, werden Ihre Angaben f\u00fcr einen Zeitraum von sechs Monaten gespeichert, damit auf diese zur Bearbeitung und Beantwortung Ihrer Anfrage und f\u00fcr den Fall von Anschlussfragen zur\u00fcckgegriffen werden kann. Ohne Ihre Einwilligung werden diese Daten nicht an Dritte weitergegeben.\r\n<p>&nbsp;<\/p>\r\nUmgang mit personenbezogenen Daten<br>\r\nWir erheben, nutzen und geben Ihre personenbezogenen Daten nur dann weiter, wenn dies im gesetzlichen Rahmen erlaubt ist oder Sie in die Datenerhebung einwilligen.<br>\r\nAls personenbezogene Daten gelten s\u00e4mtliche Informationen, welche dazu dienen, Ihre Person zu bestimmen und welche zu Ihnen zur\u00fcckverfolgt werden k\u00f6nnen \u2013 also beispielsweise Ihr Name, Ihre E-Mail-Adresse und Telefonnummer.\r\n<p>&nbsp;<\/p>\r\nL\u00f6schung bzw. Sperrung der Daten<br>\r\nWir halten uns an die Grunds\u00e4tze der Datenvermeidung und Datensparsamkeit. Wir speichern Ihre personenbezogenen Daten daher nur so lange, wie dies zur Erreichung der hier genannten Zwecke erforderlich ist oder wie es die vom Gesetzgeber vorgesehenen vielf\u00e4ltigen Speicherfristen vorsehen. Nach Fortfall des jeweiligen Zweckes bzw. Ablauf dieser Fristen werden die entsprechenden Daten routinem\u00e4\u00dfig und entsprechend den gesetzlichen Vorschriften gesperrt oder gel\u00f6scht.\r\n<p>&nbsp;<\/p>\r\nIhre Rechte auf Auskunft, Berichtigung, Sperre, L\u00f6schung und Widerspruch\r\nSie haben das Recht, jederzeit Auskunft \u00fcber Ihre bei uns gespeicherten personenbezogenen Daten zu erhalten. Ebenso haben Sie das Recht auf Berichtigung, Sperrung oder, abgesehen von der vorgeschriebenen Datenspeicherung zur Gesch\u00e4ftsabwicklung, L\u00f6schung Ihrer personenbezogenen Daten. Bitte wenden Sie sich dazu an unseren Datenschutzbeauftragten. Die Kontaktdaten finden Sie ganz unten.\r\n<p>&nbsp;<\/p>\r\nDamit eine Sperre von Daten jederzeit ber\u00fccksichtigt werden kann, m\u00fcssen diese Daten zu Kontrollzwecken in einer Sperrdatei vorgehalten werden. Sie k\u00f6nnen auch die L\u00f6schung der Daten verlangen, soweit keine gesetzliche Archivierungsverpflichtung besteht. Soweit eine solche Verpflichtung besteht, sperren wir Ihre Daten auf Wunsch.\r\n<p>&nbsp;<\/p>\r\nSie k\u00f6nnen \u00c4nderungen oder den Widerruf einer Einwilligung durch entsprechende Mitteilung an uns mit Wirkung f\u00fcr die Zukunft vornehmen.\r\n<p>&nbsp;<\/p>\r\n\u00c4nderung unserer Datenschutzbestimmungen<br>\r\nWir behalten uns vor, diese Datenschutzerkl\u00e4rung gelegentlich anzupassen, damit sie stets den aktuellen rechtlichen Anforderungen entspricht oder um \u00c4nderungen unserer Leistungen in der Datenschutzerkl\u00e4rung umzusetzen, z. B. bei der Einf\u00fchrung neuer Services. F\u00fcr Ihren erneuten Besuch gilt dann die neue Datenschutzerkl\u00e4rung.\r\n<p>&nbsp;<\/p>\r\nMyFonts Web Fonts<br>\r\nUnsere Website verwendet Schriftarten, die von der Firma MyFonts Inc., 600 Unicorn Park Drive, Woburn, MA 01801, USA bereitgestellt werden. Beim Aufrufen der Website werden auch Daten von einem Server der Firma MyFonts abgerufen, wodurch MyFonts zumindest Kenntnis von Ihrer IP-Adresse erlangt. Dabei erf\u00e4hrt MyFonts unter anderem auch, dass Sie die Schriftart \u00fcber unsere Website aufgerufen haben, sowie einige technische Angaben \u00fcber Ihren Browser, da fast jeder Webbrowser diese Daten bei jedem Aufruf automatisch an den Server sendet. Einige Browser erlauben es, die an den Server \u00fcbermittelten Daten einzuschr\u00e4nken oder zu modifizieren, doch ob dies m\u00f6glich ist, h\u00e4ngt vom Hersteller des Browsers ab. Auch wenn MyFonts die \u00fcbermittelten Informationen, insbesondere die IP-Adresse nur zur Auslieferung der abgerufenen Inhalte ben\u00f6tigt, entzieht es sich unserer Kenntnis und unserem Einfluss, ob und inwieweit MyFonts diese Informationen auch statistisch auswertet oder speichert. Weiterf\u00fchrende Informationen zum Datenschutz bei MyFonts k\u00f6nnen unter dem nachfolgenden Link abgerufen werden: https:\/\/www.myfonts.com\/info\/terms-and-conditions.\r\n<p>&nbsp;<\/p>\r\nPolylang-Plugin<br>\r\nF\u00fcr die Mehrsprachigkeit unserer Webseite verwenden wir das WordPress-Plugin Polylang. Polylang ist ein Produkt von WP SYNTEX, 28, rue Jean Sebastien Bach, 38090 Villefontaine, Frankreich.\r\nCookies von Polylang werden ausschlie\u00dflich zum Erkennen und Festhalten der vom Nutzer verwendeten oder gew\u00e4hlten Sprache gesetzt. Diese Cookies bleiben generell f\u00fcr ein Jahr gespeichert und danach gel\u00f6scht.\r\n<p>&nbsp;<\/p>\r\nWir haben die Cookie-Speicherung von Polylang deaktiviert. Weiter Informationen zu Datenschutzkonformit\u00e4t finden sie hier: https:\/\/polylang.pro\/doc\/is-polylang-compatible-with-the-eu-cookie-law\/\r\n<p>&nbsp;<\/p>\r\nExterne Links<br>\r\nWir verwenden auf unseren Websites Links auf externe Seiten, die besonders gekennzeichnet sind und deren Inhalte sich nicht auf unserem Server befinden. Die externen Inhalte dieser Links wurden beim Setzen der Links gepr\u00fcft. Es kann jedoch nicht ausgeschlossen werden, dass die Inhalte von den jeweiligen Anbietern nachtr\u00e4glich ver\u00e4ndert wurden. Sollten Sie bemerken, dass die Inhalte der externen Anbieter gegen geltendes Recht versto\u00dfen, teilen Sie uns dies bitte mit.\r\nDiese Datenschutzerkl\u00e4rung gilt nur f\u00fcr Inhalte auf unseren Servern.\r\n<p>&nbsp;<\/p>\r\nUmgang mit Kommentaren und Beitr\u00e4gen<br>\r\nDie Kommentarfunktion wurde bei uns deaktiviert.\r\n<p>&nbsp;<\/p>\r\nFragen an den Datenschutzbeauftragten<br>\r\nWenn Sie Fragen zum Datenschutz haben, schreiben Sie uns bitte eine E-Mail:\r\ninfo@radicalfilm.net<br>\r\nRadical Filmnetwork Berlin\r\n<\/p>","protected":false},"excerpt":{"rendered":"Datenschutz &nbsp; Verantwortliche Stelle im Sinne der Datenschutzgesetze ist: Julia Lazarus E-Mail: berlin@radicalfilm.net Imprint: https:\/\/radicalfilm.net\/impressum &nbsp; Newsletter Wenn Sie den auf der Website angebotenen Newsletter beziehen m\u00f6chten, ben\u00f6tigen wir von Ihnen eine E-Mail-Adresse sowie Informationen, welche uns die \u00dcberpr\u00fcfung gestatten, dass Sie der Inhaber der angegebenen E-Mail-Adresse sind und mit dem Empfang des Newsletters einverstanden [&hellip;]","protected":false},"author":1,"featured_media":0,"parent":0,"menu_order":0,"comment_status":"closed","ping_status":"closed","template":"","meta":{"footnotes":""},"acf":[],"_links":{"self":[{"href":"https:\/\/radicalfilm.net\/2021\/wp-json\/wp\/v2\/pages\/956"}],"collection":[{"href":"https:\/\/radicalfilm.net\/2021\/wp-json\/wp\/v2\/pages"}],"about":[{"href":"https:\/\/radicalfilm.net\/2021\/wp-json\/wp\/v2\/types\/page"}],"author":[{"embeddable":true,"href":"https:\/\/radicalfilm.net\/2021\/wp-json\/wp\/v2\/users\/1"}],"replies":[{"embeddable":true,"href":"https:\/\/radicalfilm.net\/2021\/wp-json\/wp\/v2\/comments?post=956"}],"version-history":[{"count":14,"href":"https:\/\/radicalfilm.net\/2021\/wp-json\/wp\/v2\/pages\/956\/revisions"}],"predecessor-version":[{"id":2128,"href":"https:\/\/radicalfilm.net\/2021\/wp-json\/wp\/v2\/pages\/956\/revisions\/2128"}],"wp:attachment":[{"href":"https:\/\/radicalfilm.net\/2021\/wp-json\/wp\/v2\/media?parent=956"}],"curies":[{"name":"wp","href":"https:\/\/api.w.org\/{rel}","templated":true}]}}